{"id":299,"date":"2021-08-23T07:33:19","date_gmt":"2021-08-23T07:33:19","guid":{"rendered":"https:\/\/iforwood.eu\/observatorio\/?page_id=299"},"modified":"2021-08-31T11:08:24","modified_gmt":"2021-08-31T11:08:24","slug":"forestales-del-futuro","status":"publish","type":"page","link":"https:\/\/iforwood.eu\/observatorio\/forestales-del-futuro\/","title":{"rendered":"Forestales (Serie v\u00eddeos)"},"content":{"rendered":"\n<div class=\"is-layout-flex wp-container-3 wp-block-columns\">\n<div class=\"is-layout-flow wp-block-column\">\n<figure class=\"wp-block-embed-youtube wp-block-embed is-type-video is-provider-youtube wp-embed-aspect-16-9 wp-has-aspect-ratio\"><div class=\"wp-block-embed__wrapper\">\n<iframe loading=\"lazy\" title=\"Forestales: proteger y mantener el bosque (tr\u00e1iler)\" width=\"676\" height=\"380\" src=\"https:\/\/www.youtube.com\/embed\/DclJl8N4t78?feature=oembed\" frameborder=\"0\" allow=\"accelerometer; autoplay; clipboard-write; encrypted-media; gyroscope; picture-in-picture\" allowfullscreen><\/iframe>\n<\/div><figcaption>Tr\u00e1iler de presentaci\u00f3n de la serie<\/figcaption><\/figure>\n<\/div>\n\n\n\n<div class=\"is-layout-flow wp-block-column\"><\/div>\n<\/div>\n\n\n\n<h4 class=\"has-white-color has-text-color has-background\" style=\"background-color:#68c6b8\">FORESTALES, UNA SERIE DEDICADA A LA PROMOCI\u00d3N DEL TRABAJO FORESTAL<\/h4>\n\n\n\n<div class=\"is-layout-flex wp-container-6 wp-block-columns\">\n<div class=\"is-layout-flow wp-block-column\">\n<figure class=\"wp-block-embed-youtube wp-block-embed is-type-video is-provider-youtube wp-embed-aspect-16-9 wp-has-aspect-ratio\"><div class=\"wp-block-embed__wrapper\">\n<iframe loading=\"lazy\" title=\"1  El bosque, esencial para el hombre\" width=\"676\" height=\"380\" src=\"https:\/\/www.youtube.com\/embed\/5MJaf5_y-pc?list=PL1XfGXo-3qaQYaexaibfLhQid5oTz-NCG\" frameborder=\"0\" allow=\"accelerometer; autoplay; clipboard-write; encrypted-media; gyroscope; picture-in-picture\" allowfullscreen><\/iframe> \n<\/div><figcaption><strong>EL bosque, esencial para el hombre<\/strong>&nbsp;<\/figcaption><\/figure>\n\n\n\n<figure class=\"wp-block-embed-youtube wp-block-embed is-type-video is-provider-youtube wp-embed-aspect-16-9 wp-has-aspect-ratio\"><div class=\"wp-block-embed__wrapper\">\n<iframe loading=\"lazy\" title=\"2  Los oficios del bosque: la tala manual\" width=\"676\" height=\"380\" src=\"https:\/\/www.youtube.com\/embed\/SmhK24lo0PM?list=PL1XfGXo-3qaQYaexaibfLhQid5oTz-NCG\" frameborder=\"0\" allow=\"accelerometer; autoplay; clipboard-write; encrypted-media; gyroscope; picture-in-picture\" allowfullscreen><\/iframe>\n<\/div><figcaption><strong>Los oficios del bosque: la tala manual<\/strong>&nbsp;<\/figcaption><\/figure>\n\n\n\n<figure class=\"wp-block-embed-youtube wp-block-embed is-type-video is-provider-youtube wp-embed-aspect-16-9 wp-has-aspect-ratio\"><div class=\"wp-block-embed__wrapper\">\n<iframe loading=\"lazy\" title=\"3. Los oficios del bosque: la tala mecanizada\" width=\"676\" height=\"380\" src=\"https:\/\/www.youtube.com\/embed\/HPirfEktek0?list=PL1XfGXo-3qaQYaexaibfLhQid5oTz-NCG\" frameborder=\"0\" allow=\"accelerometer; autoplay; clipboard-write; encrypted-media; gyroscope; picture-in-picture\" allowfullscreen><\/iframe> \n<\/div><figcaption><strong><strong>Los oficios del bosque: la tala mecanizada<\/strong><\/strong><\/figcaption><\/figure>\n<\/div>\n\n\n\n<div class=\"is-layout-flow wp-block-column\">\n<figure class=\"wp-block-embed-youtube wp-block-embed is-type-video is-provider-youtube wp-embed-aspect-16-9 wp-has-aspect-ratio\"><div class=\"wp-block-embed__wrapper\">\n<iframe loading=\"lazy\" title=\"4. Un oficio con futuro\" width=\"676\" height=\"380\" src=\"https:\/\/www.youtube.com\/embed\/U6ntxxFRDwc?list=PL1XfGXo-3qaQYaexaibfLhQid5oTz-NCG\" frameborder=\"0\" allow=\"accelerometer; autoplay; clipboard-write; encrypted-media; gyroscope; picture-in-picture\" allowfullscreen><\/iframe>\n<\/div><figcaption><strong><strong><strong>Un oficio con futuro<\/strong><\/strong><em>&nbsp;<\/em><\/strong><\/figcaption><\/figure>\n\n\n\n<figure class=\"wp-block-embed-youtube wp-block-embed is-type-video is-provider-youtube wp-embed-aspect-16-9 wp-has-aspect-ratio\"><div class=\"wp-block-embed__wrapper\">\n<iframe loading=\"lazy\" title=\"5. Una formaci\u00f3n apasionada y moderna\" width=\"676\" height=\"380\" src=\"https:\/\/www.youtube.com\/embed\/zFe1kG9fEFg?list=PL1XfGXo-3qaQYaexaibfLhQid5oTz-NCG\" frameborder=\"0\" allow=\"accelerometer; autoplay; clipboard-write; encrypted-media; gyroscope; picture-in-picture\" allowfullscreen><\/iframe> \n<\/div><figcaption><strong><strong><strong>Una formaci\u00f3n apasionada y moderna<\/strong>&nbsp;<\/strong><\/strong><\/figcaption><\/figure>\n\n\n\n<figure class=\"wp-block-embed-youtube wp-block-embed is-type-video is-provider-youtube wp-embed-aspect-16-9 wp-has-aspect-ratio\"><div class=\"wp-block-embed__wrapper\">\n<iframe loading=\"lazy\" title=\"6. Un oficio abierto a Europa\" width=\"676\" height=\"380\" src=\"https:\/\/www.youtube.com\/embed\/ZEcEqyr_qeQ?list=PL1XfGXo-3qaQYaexaibfLhQid5oTz-NCG\" frameborder=\"0\" allow=\"accelerometer; autoplay; clipboard-write; encrypted-media; gyroscope; picture-in-picture\" allowfullscreen><\/iframe>\n<\/div><figcaption><strong><strong><strong>Un oficio abierto a Europa<\/strong>&nbsp;<\/strong><\/strong>&nbsp;<\/figcaption><\/figure>\n\n\n\n<figure class=\"wp-block-embed-youtube wp-block-embed is-type-video is-provider-youtube wp-embed-aspect-16-9 wp-has-aspect-ratio\"><div class=\"wp-block-embed__wrapper\">\n<iframe loading=\"lazy\" title=\"7.  Hablan los profesionales\" width=\"676\" height=\"380\" src=\"https:\/\/www.youtube.com\/embed\/aOWIGdE5fUg?feature=oembed\" frameborder=\"0\" allow=\"accelerometer; autoplay; clipboard-write; encrypted-media; gyroscope; picture-in-picture\" allowfullscreen><\/iframe>\n<\/div><figcaption><strong>Hablan los profesionales<\/strong><\/figcaption><\/figure>\n<\/div>\n<\/div>\n\n\n\n<h4 class=\"has-white-color has-text-color has-background\" style=\"background-color:#68c6b8\">LA FORMACI\u00d3N FORESTAL, CLAVE PARA OBTENER PRODUCTOS DE CALIDAD<\/h4>\n\n\n\n<div class=\"is-layout-flex wp-container-9 wp-block-columns\">\n<div class=\"is-layout-flow wp-block-column\">\n<figure class=\"wp-block-embed-youtube wp-block-embed is-type-video is-provider-youtube wp-embed-aspect-16-9 wp-has-aspect-ratio\"><div class=\"wp-block-embed__wrapper\">\n<iframe loading=\"lazy\" title=\"8  La Formacio\u0301n Profesional en los Pirineos\" width=\"676\" height=\"380\" src=\"https:\/\/www.youtube.com\/embed\/Ebvvb2DK4KY?list=PL1XfGXo-3qaQYaexaibfLhQid5oTz-NCG\" frameborder=\"0\" allow=\"accelerometer; autoplay; clipboard-write; encrypted-media; gyroscope; picture-in-picture\" allowfullscreen><\/iframe> \n<\/div><figcaption>La Formaci\u00f3n Profesional en los Pirineos<\/figcaption><\/figure>\n<\/div>\n\n\n\n<div class=\"is-layout-flow wp-block-column\"><\/div>\n<\/div>\n\n\n\n<h4 class=\"has-white-color has-text-color has-background\" style=\"background-color:#68c6b8\">Webinarios: EMPLEO, CERTIFICACIONES Y BUENAS PRACTICAS<\/h4>\n\n\n\n<p class=\"has-accent-color has-text-color has-large-font-size\">ESPA\u00d1OL<\/p>\n\n\n\n<hr class=\"wp-block-separator has-text-color has-background has-accent-background-color has-accent-color is-style-wide\"\/>\n\n\n\n<div class=\"is-layout-flex wp-container-14 wp-block-columns\">\n<div class=\"is-layout-flow wp-block-column\">\n<figure class=\"wp-block-embed-youtube wp-block-embed is-type-video is-provider-youtube wp-embed-aspect-16-9 wp-has-aspect-ratio\"><div class=\"wp-block-embed__wrapper\">\n<iframe loading=\"lazy\" title=\"Seminario: El carn\u00e9 europeo del motoserrista (ES)\" width=\"676\" height=\"380\" src=\"https:\/\/www.youtube.com\/embed\/9Fjp341NUJ4?feature=oembed\" frameborder=\"0\" allow=\"accelerometer; autoplay; clipboard-write; encrypted-media; gyroscope; picture-in-picture\" allowfullscreen><\/iframe>\n<\/div><figcaption><strong>El carn\u00e9 europeo de&nbsp;motoserrista<\/strong> (ES)<\/figcaption><\/figure>\n<\/div>\n\n\n\n<div class=\"is-layout-flow wp-block-column\">\n<figure class=\"wp-block-embed-youtube wp-block-embed is-type-video is-provider-youtube wp-embed-aspect-4-3 wp-has-aspect-ratio\"><div class=\"wp-block-embed__wrapper\">\n<iframe loading=\"lazy\" title=\"Seminario: La importancia del aprendizaje (ES)\" width=\"676\" height=\"507\" src=\"https:\/\/www.youtube.com\/embed\/G2YXs43Q_0I?feature=oembed\" frameborder=\"0\" allow=\"accelerometer; autoplay; clipboard-write; encrypted-media; gyroscope; picture-in-picture\" allowfullscreen><\/iframe>\n<\/div><figcaption><strong>La importancia del aprendizaje<\/strong> (ES)<\/figcaption><\/figure>\n<\/div>\n\n\n\n<div class=\"is-layout-flow wp-block-column\">\n<figure class=\"wp-block-embed-youtube wp-block-embed is-type-video is-provider-youtube wp-embed-aspect-16-9 wp-has-aspect-ratio\"><div class=\"wp-block-embed__wrapper\">\n<iframe loading=\"lazy\" title=\"Seminario: \u2022 Buenas pr\u00e1cticas en las empresas forestales (ES)\" width=\"676\" height=\"380\" src=\"https:\/\/www.youtube.com\/embed\/ca-r05f1Ou0?feature=oembed\" frameborder=\"0\" allow=\"accelerometer; autoplay; clipboard-write; encrypted-media; gyroscope; picture-in-picture\" allowfullscreen><\/iframe>\n<\/div><figcaption><strong>Buenas pr\u00e1cticas a las empresas forestales&nbsp;<\/strong>(ES)<\/figcaption><\/figure>\n<\/div>\n\n\n\n<div class=\"is-layout-flow wp-block-column\">\n<figure class=\"wp-block-embed-youtube wp-block-embed is-type-video is-provider-youtube wp-embed-aspect-16-9 wp-has-aspect-ratio\"><div class=\"wp-block-embed__wrapper\">\n<iframe loading=\"lazy\" title=\"Seminario: El Observatorio Forestal Pirenaico (ES)\" width=\"676\" height=\"380\" src=\"https:\/\/www.youtube.com\/embed\/l6J9NYV64MU?feature=oembed\" frameborder=\"0\" allow=\"accelerometer; autoplay; clipboard-write; encrypted-media; gyroscope; picture-in-picture\" allowfullscreen><\/iframe>\n<\/div><figcaption><strong>El observatorio forestal Pirinaico<\/strong> (ES)<\/figcaption><\/figure>\n<\/div>\n<\/div>\n\n\n\n<p class=\"has-accent-color has-text-color has-large-font-size\">FRAN\u00c7AIS<\/p>\n\n\n\n<hr class=\"wp-block-separator has-text-color has-background has-accent-background-color has-accent-color is-style-wide\"\/>\n\n\n\n<div class=\"is-layout-flex wp-container-19 wp-block-columns\">\n<div class=\"is-layout-flow wp-block-column\">\n<figure class=\"wp-block-embed-youtube wp-block-embed is-type-video is-provider-youtube wp-embed-aspect-16-9 wp-has-aspect-ratio wp-embed-aspect-4-3\"><div class=\"wp-block-embed__wrapper\">\n<iframe loading=\"lazy\" title=\"Seminario: El carn\u00e9 europeo del motoserrista (FR)\" width=\"676\" height=\"507\" src=\"https:\/\/www.youtube.com\/embed\/i6mIXRorOnw?feature=oembed\" frameborder=\"0\" allow=\"accelerometer; autoplay; clipboard-write; encrypted-media; gyroscope; picture-in-picture\" allowfullscreen><\/iframe>\n<\/div><figcaption><strong>El carn\u00e9 europeo de&nbsp;motoserrista<\/strong> (FR)<\/figcaption><\/figure>\n<\/div>\n\n\n\n<div class=\"is-layout-flow wp-block-column\">\n<figure class=\"wp-block-embed-youtube wp-block-embed is-type-video is-provider-youtube wp-embed-aspect-4-3 wp-has-aspect-ratio wp-embed-aspect-16-9\"><div class=\"wp-block-embed__wrapper\">\n<iframe loading=\"lazy\" title=\"Seminario: La importancia del aprendizaje (FR)\" width=\"676\" height=\"380\" src=\"https:\/\/www.youtube.com\/embed\/BPxhYD873LM?feature=oembed\" frameborder=\"0\" allow=\"accelerometer; autoplay; clipboard-write; encrypted-media; gyroscope; picture-in-picture\" allowfullscreen><\/iframe>\n<\/div><figcaption><strong>La importancia del aprendizaje<\/strong> (FR)<\/figcaption><\/figure>\n<\/div>\n\n\n\n<div class=\"is-layout-flow wp-block-column\">\n<figure class=\"wp-block-embed-youtube wp-block-embed is-type-video is-provider-youtube wp-embed-aspect-16-9 wp-has-aspect-ratio\"><div class=\"wp-block-embed__wrapper\">\n<iframe loading=\"lazy\" title=\"Seminario: Buenas pr\u00e1cticas en las empresas forestales (FR)\" width=\"676\" height=\"380\" src=\"https:\/\/www.youtube.com\/embed\/1yXjI-lIuLc?feature=oembed\" frameborder=\"0\" allow=\"accelerometer; autoplay; clipboard-write; encrypted-media; gyroscope; picture-in-picture\" allowfullscreen><\/iframe>\n<\/div><figcaption><strong>Buenas pr\u00e1cticas a las empresas forestales<\/strong> (FR)<\/figcaption><\/figure>\n<\/div>\n\n\n\n<div class=\"is-layout-flow wp-block-column\">\n<figure class=\"wp-block-embed-youtube wp-block-embed is-type-video is-provider-youtube wp-embed-aspect-16-9 wp-has-aspect-ratio\"><div class=\"wp-block-embed__wrapper\">\n<iframe loading=\"lazy\" title=\"Seminario: El Observatorio Forestal Pirenaico (FR)\" width=\"676\" height=\"380\" src=\"https:\/\/www.youtube.com\/embed\/O7rffmRIQCI?feature=oembed\" frameborder=\"0\" allow=\"accelerometer; autoplay; clipboard-write; encrypted-media; gyroscope; picture-in-picture\" allowfullscreen><\/iframe>\n<\/div><figcaption><strong>El observatorio forestal Pirinaico<\/strong> (FR)<\/figcaption><\/figure>\n<\/div>\n<\/div>\n","protected":false},"excerpt":{"rendered":"<p>FORESTALES, UNA SERIE DEDICADA A LA PROMOCI\u00d3N DEL TRABAJO FORESTAL LA FORMACI\u00d3N FORESTAL, CLAVE PARA OBTENER PRODUCTOS DE CALIDAD Webinarios: EMPLEO, CERTIFICACIONES Y BUENAS PRACTICAS ESPA\u00d1OL FRAN\u00c7AIS<\/p>\n","protected":false},"author":1,"featured_media":0,"parent":0,"menu_order":0,"comment_status":"closed","ping_status":"closed","template":"template-fullwidth.php","meta":{"_mi_skip_tracking":false},"_links":{"self":[{"href":"https:\/\/iforwood.eu\/observatorio\/wp-json\/wp\/v2\/pages\/299"}],"collection":[{"href":"https:\/\/iforwood.eu\/observatorio\/wp-json\/wp\/v2\/pages"}],"about":[{"href":"https:\/\/iforwood.eu\/observatorio\/wp-json\/wp\/v2\/types\/page"}],"author":[{"embeddable":true,"href":"https:\/\/iforwood.eu\/observatorio\/wp-json\/wp\/v2\/users\/1"}],"replies":[{"embeddable":true,"href":"https:\/\/iforwood.eu\/observatorio\/wp-json\/wp\/v2\/comments?post=299"}],"version-history":[{"count":14,"href":"https:\/\/iforwood.eu\/observatorio\/wp-json\/wp\/v2\/pages\/299\/revisions"}],"predecessor-version":[{"id":346,"href":"https:\/\/iforwood.eu\/observatorio\/wp-json\/wp\/v2\/pages\/299\/revisions\/346"}],"wp:attachment":[{"href":"https:\/\/iforwood.eu\/observatorio\/wp-json\/wp\/v2\/media?parent=299"}],"curies":[{"name":"wp","href":"https:\/\/api.w.org\/{rel}","templated":true}]}}